{"id":14,"date":"2016-04-18T19:24:28","date_gmt":"2016-04-18T19:24:28","guid":{"rendered":"http:\/\/hotelpalugi.com.br\/?page_id=14"},"modified":"2021-04-15T11:03:17","modified_gmt":"2021-04-15T14:03:17","slug":"quartos","status":"publish","type":"page","link":"https:\/\/hotelpalugi.com.br\/?page_id=14","title":{"rendered":"Quartos"},"content":{"rendered":"\t\t<div data-elementor-type=\"wp-page\" data-elementor-id=\"14\" class=\"elementor elementor-14\" data-elementor-post-type=\"page\">\n\t\t\t\t\t\t<section data-particle_enable=\"false\" data-particle-mobile-disabled=\"false\" class=\"elementor-section elementor-top-section elementor-element elementor-element-ef77f29 elementor-section-content-middle elementor-section-boxed elementor-section-height-default elementor-section-height-default\" data-id=\"ef77f29\" data-element_type=\"section\">\n\t\t\t\t\t\t<div class=\"elementor-container elementor-column-gap-default\">\n\t\t\t\t\t<div class=\"elementor-column elementor-col-50 elementor-top-column elementor-element elementor-element-2569009\" data-id=\"2569009\" data-element_type=\"column\">\n\t\t\t<div class=\"elementor-widget-wrap elementor-element-populated\">\n\t\t\t\t\t\t<div class=\"elementor-element elementor-element-3b6d995 elementor-widget elementor-widget-heading\" data-id=\"3b6d995\" data-element_type=\"widget\" data-widget_type=\"heading.default\">\n\t\t\t\t<div class=\"elementor-widget-container\">\n\t\t\t<h2 class=\"elementor-heading-title elementor-size-default\">Conhe\u00e7a nossas acomoda\u00e7\u00f5es <\/h2>\t\t<\/div>\n\t\t\t\t<\/div>\n\t\t\t\t<div class=\"elementor-element elementor-element-a314d36 elementor-widget elementor-widget-text-editor\" data-id=\"a314d36\" data-element_type=\"widget\" data-widget_type=\"text-editor.default\">\n\t\t\t\t<div class=\"elementor-widget-container\">\n\t\t\t\t\t\t\t<p>Localizado a 9 km da Arena Joinville e a 11 km do Shopping Mueller Joinville, o Hotel Palugi oferece quartos em Joinville. Dispondo de um restaurante, este hotel 2 estrelas oferece quartos com ar-condicionado e Wi-Fi gratuito, todos com banheiro privativo. O estacionamento privativo pode ser providenciado por um custo extra.<\/p>\t\t\t\t\t\t<\/div>\n\t\t\t\t<\/div>\n\t\t\t\t\t<\/div>\n\t\t<\/div>\n\t\t\t\t<div class=\"elementor-column elementor-col-50 elementor-top-column elementor-element elementor-element-b3a18ef\" data-id=\"b3a18ef\" data-element_type=\"column\">\n\t\t\t<div class=\"elementor-widget-wrap elementor-element-populated\">\n\t\t\t\t\t\t<div class=\"elementor-element elementor-element-da2f424 elementor-widget elementor-widget-image\" data-id=\"da2f424\" data-element_type=\"widget\" data-widget_type=\"image.default\">\n\t\t\t\t<div class=\"elementor-widget-container\">\n\t\t\t\t\t\t\t\t\t\t\t\t\t<img fetchpriority=\"high\" decoding=\"async\" width=\"800\" height=\"521\" src=\"https:\/\/hotelpalugi.com.br\/wp-content\/uploads\/2021\/04\/hotel-palugi-imagem-banner-quartos-1.att_.jpg\" class=\"attachment-large size-large wp-image-667\" alt=\"\" srcset=\"https:\/\/hotelpalugi.com.br\/wp-content\/uploads\/2021\/04\/hotel-palugi-imagem-banner-quartos-1.att_.jpg 1021w, https:\/\/hotelpalugi.com.br\/wp-content\/uploads\/2021\/04\/hotel-palugi-imagem-banner-quartos-1.att_-300x195.jpg 300w, https:\/\/hotelpalugi.com.br\/wp-content\/uploads\/2021\/04\/hotel-palugi-imagem-banner-quartos-1.att_-768x500.jpg 768w\" sizes=\"(max-width: 800px) 100vw, 800px\" \/>\t\t\t\t\t\t\t\t\t\t\t\t\t<\/div>\n\t\t\t\t<\/div>\n\t\t\t\t\t<\/div>\n\t\t<\/div>\n\t\t\t\t\t<\/div>\n\t\t<\/section>\n\t\t\t\t<section data-particle_enable=\"false\" data-particle-mobile-disabled=\"false\" class=\"elementor-section elementor-top-section elementor-element elementor-element-10079e9 elementor-section-boxed elementor-section-height-default elementor-section-height-default\" data-id=\"10079e9\" data-element_type=\"section\">\n\t\t\t\t\t\t<div class=\"elementor-container elementor-column-gap-default\">\n\t\t\t\t\t<div class=\"elementor-column elementor-col-33 elementor-top-column elementor-element elementor-element-6cc222a\" data-id=\"6cc222a\" data-element_type=\"column\">\n\t\t\t<div class=\"elementor-widget-wrap elementor-element-populated\">\n\t\t\t\t\t\t<div class=\"elementor-element elementor-element-c604ada elementor-position-top elementor-widget elementor-widget-image-box\" data-id=\"c604ada\" data-element_type=\"widget\" data-widget_type=\"image-box.default\">\n\t\t\t\t<div class=\"elementor-widget-container\">\n\t\t\t<div class=\"elementor-image-box-wrapper\"><figure class=\"elementor-image-box-img\"><a href=\"https:\/\/hotelpalugi.com.br\/?page_id=680\" target=\"_blank\" tabindex=\"-1\"><img decoding=\"async\" width=\"512\" height=\"512\" src=\"https:\/\/hotelpalugi.com.br\/wp-content\/uploads\/2021\/04\/user.png\" class=\"elementor-animation-grow attachment-full size-full wp-image-672\" alt=\"\" srcset=\"https:\/\/hotelpalugi.com.br\/wp-content\/uploads\/2021\/04\/user.png 512w, https:\/\/hotelpalugi.com.br\/wp-content\/uploads\/2021\/04\/user-300x300.png 300w, https:\/\/hotelpalugi.com.br\/wp-content\/uploads\/2021\/04\/user-150x150.png 150w\" sizes=\"(max-width: 512px) 100vw, 512px\" \/><\/a><\/figure><div class=\"elementor-image-box-content\"><h3 class=\"elementor-image-box-title\"><a href=\"https:\/\/hotelpalugi.com.br\/?page_id=680\" target=\"_blank\">Quarto Individual<\/a><\/h3><\/div><\/div>\t\t<\/div>\n\t\t\t\t<\/div>\n\t\t\t\t\t<\/div>\n\t\t<\/div>\n\t\t\t\t<div class=\"elementor-column elementor-col-33 elementor-top-column elementor-element elementor-element-948681a\" data-id=\"948681a\" data-element_type=\"column\">\n\t\t\t<div class=\"elementor-widget-wrap elementor-element-populated\">\n\t\t\t\t\t\t<div class=\"elementor-element elementor-element-e5cb331 elementor-position-top elementor-widget elementor-widget-image-box\" data-id=\"e5cb331\" data-element_type=\"widget\" data-widget_type=\"image-box.default\">\n\t\t\t\t<div class=\"elementor-widget-container\">\n\t\t\t<div class=\"elementor-image-box-wrapper\"><figure class=\"elementor-image-box-img\"><a href=\"https:\/\/hotelpalugi.com.br\/?page_id=682\" target=\"_blank\" tabindex=\"-1\"><img decoding=\"async\" width=\"948\" height=\"512\" src=\"https:\/\/hotelpalugi.com.br\/wp-content\/uploads\/2021\/04\/2-users.png\" class=\"elementor-animation-grow attachment-full size-full wp-image-673\" alt=\"\" srcset=\"https:\/\/hotelpalugi.com.br\/wp-content\/uploads\/2021\/04\/2-users.png 948w, https:\/\/hotelpalugi.com.br\/wp-content\/uploads\/2021\/04\/2-users-300x162.png 300w, https:\/\/hotelpalugi.com.br\/wp-content\/uploads\/2021\/04\/2-users-768x415.png 768w\" sizes=\"(max-width: 948px) 100vw, 948px\" \/><\/a><\/figure><div class=\"elementor-image-box-content\"><h3 class=\"elementor-image-box-title\"><a href=\"https:\/\/hotelpalugi.com.br\/?page_id=682\" target=\"_blank\">Quarto Duplo\u200b<\/a><\/h3><\/div><\/div>\t\t<\/div>\n\t\t\t\t<\/div>\n\t\t\t\t\t<\/div>\n\t\t<\/div>\n\t\t\t\t<div class=\"elementor-column elementor-col-33 elementor-top-column elementor-element elementor-element-06f1b99\" data-id=\"06f1b99\" data-element_type=\"column\">\n\t\t\t<div class=\"elementor-widget-wrap elementor-element-populated\">\n\t\t\t\t\t\t<div class=\"elementor-element elementor-element-0bc3664 elementor-position-top elementor-widget elementor-widget-image-box\" data-id=\"0bc3664\" data-element_type=\"widget\" data-widget_type=\"image-box.default\">\n\t\t\t\t<div class=\"elementor-widget-container\">\n\t\t\t<div class=\"elementor-image-box-wrapper\"><figure class=\"elementor-image-box-img\"><a href=\"https:\/\/hotelpalugi.com.br\/?page_id=683\" target=\"_blank\" tabindex=\"-1\"><img loading=\"lazy\" decoding=\"async\" width=\"1396\" height=\"512\" src=\"https:\/\/hotelpalugi.com.br\/wp-content\/uploads\/2021\/04\/3-users.png\" class=\"elementor-animation-grow attachment-full size-full wp-image-674\" alt=\"\" srcset=\"https:\/\/hotelpalugi.com.br\/wp-content\/uploads\/2021\/04\/3-users.png 1396w, https:\/\/hotelpalugi.com.br\/wp-content\/uploads\/2021\/04\/3-users-300x110.png 300w, https:\/\/hotelpalugi.com.br\/wp-content\/uploads\/2021\/04\/3-users-1024x376.png 1024w, https:\/\/hotelpalugi.com.br\/wp-content\/uploads\/2021\/04\/3-users-768x282.png 768w\" sizes=\"(max-width: 1396px) 100vw, 1396px\" \/><\/a><\/figure><div class=\"elementor-image-box-content\"><h3 class=\"elementor-image-box-title\"><a href=\"https:\/\/hotelpalugi.com.br\/?page_id=683\" target=\"_blank\">Quarto Triplo<\/a><\/h3><\/div><\/div>\t\t<\/div>\n\t\t\t\t<\/div>\n\t\t\t\t\t<\/div>\n\t\t<\/div>\n\t\t\t\t\t<\/div>\n\t\t<\/section>\n\t\t\t\t<section data-particle_enable=\"false\" data-particle-mobile-disabled=\"false\" class=\"elementor-section elementor-top-section elementor-element elementor-element-8dc8ddd elementor-section-boxed elementor-section-height-default elementor-section-height-default\" data-id=\"8dc8ddd\" data-element_type=\"section\">\n\t\t\t\t\t\t<div class=\"elementor-container elementor-column-gap-default\">\n\t\t\t\t\t<div class=\"elementor-column elementor-col-33 elementor-top-column elementor-element elementor-element-31cf7c8\" data-id=\"31cf7c8\" data-element_type=\"column\">\n\t\t\t<div class=\"elementor-widget-wrap elementor-element-populated\">\n\t\t\t\t\t\t<div class=\"elementor-element elementor-element-6d30c4f elementor-position-top elementor-widget elementor-widget-image-box\" data-id=\"6d30c4f\" data-element_type=\"widget\" data-widget_type=\"image-box.default\">\n\t\t\t\t<div class=\"elementor-widget-container\">\n\t\t\t<div class=\"elementor-image-box-wrapper\"><figure class=\"elementor-image-box-img\"><a href=\"https:\/\/hotelpalugi.com.br\/?page_id=684\" target=\"_blank\" tabindex=\"-1\"><img loading=\"lazy\" decoding=\"async\" width=\"1396\" height=\"512\" src=\"https:\/\/hotelpalugi.com.br\/wp-content\/uploads\/2021\/04\/3-users.png\" class=\"elementor-animation-grow attachment-full size-full wp-image-674\" alt=\"\" srcset=\"https:\/\/hotelpalugi.com.br\/wp-content\/uploads\/2021\/04\/3-users.png 1396w, https:\/\/hotelpalugi.com.br\/wp-content\/uploads\/2021\/04\/3-users-300x110.png 300w, https:\/\/hotelpalugi.com.br\/wp-content\/uploads\/2021\/04\/3-users-1024x376.png 1024w, https:\/\/hotelpalugi.com.br\/wp-content\/uploads\/2021\/04\/3-users-768x282.png 768w\" sizes=\"(max-width: 1396px) 100vw, 1396px\" \/><\/a><\/figure><div class=\"elementor-image-box-content\"><h3 class=\"elementor-image-box-title\"><a href=\"https:\/\/hotelpalugi.com.br\/?page_id=684\" target=\"_blank\"> Quarto Triplo Superior\u200b<\/a><\/h3><\/div><\/div>\t\t<\/div>\n\t\t\t\t<\/div>\n\t\t\t\t\t<\/div>\n\t\t<\/div>\n\t\t\t\t<div class=\"elementor-column elementor-col-33 elementor-top-column elementor-element elementor-element-5adde76\" data-id=\"5adde76\" data-element_type=\"column\">\n\t\t\t<div class=\"elementor-widget-wrap elementor-element-populated\">\n\t\t\t\t\t\t<div class=\"elementor-element elementor-element-968b062 elementor-position-top elementor-widget elementor-widget-image-box\" data-id=\"968b062\" data-element_type=\"widget\" data-widget_type=\"image-box.default\">\n\t\t\t\t<div class=\"elementor-widget-container\">\n\t\t\t<div class=\"elementor-image-box-wrapper\"><figure class=\"elementor-image-box-img\"><a href=\"https:\/\/hotelpalugi.com.br\/?page_id=685\" target=\"_blank\" tabindex=\"-1\"><img loading=\"lazy\" decoding=\"async\" width=\"948\" height=\"512\" src=\"https:\/\/hotelpalugi.com.br\/wp-content\/uploads\/2021\/04\/7-users.png\" class=\"elementor-animation-grow attachment-full size-full wp-image-676\" alt=\"\" srcset=\"https:\/\/hotelpalugi.com.br\/wp-content\/uploads\/2021\/04\/7-users.png 948w, https:\/\/hotelpalugi.com.br\/wp-content\/uploads\/2021\/04\/7-users-300x162.png 300w, https:\/\/hotelpalugi.com.br\/wp-content\/uploads\/2021\/04\/7-users-768x415.png 768w\" sizes=\"(max-width: 948px) 100vw, 948px\" \/><\/a><\/figure><div class=\"elementor-image-box-content\"><h3 class=\"elementor-image-box-title\"><a href=\"https:\/\/hotelpalugi.com.br\/?page_id=685\" target=\"_blank\">Quarto Fam\u00edlia Standard\u200b<\/a><\/h3><\/div><\/div>\t\t<\/div>\n\t\t\t\t<\/div>\n\t\t\t\t\t<\/div>\n\t\t<\/div>\n\t\t\t\t<div class=\"elementor-column elementor-col-33 elementor-top-column elementor-element elementor-element-81a3789\" data-id=\"81a3789\" data-element_type=\"column\">\n\t\t\t<div class=\"elementor-widget-wrap\">\n\t\t\t\t\t\t\t<\/div>\n\t\t<\/div>\n\t\t\t\t\t<\/div>\n\t\t<\/section>\n\t\t\t\t<\/div>\n\t\t","protected":false},"excerpt":{"rendered":"<p>Conhe\u00e7a nossas acomoda\u00e7\u00f5es Localizado a 9 km da Arena Joinville e a 11 km do Shopping Mueller Joinville, o Hotel Palugi oferece quartos em Joinville. Dispondo de um restaurante, este hotel 2 estrelas oferece quartos com ar-condicionado e Wi-Fi gratuito, todos com banheiro privativo. O estacionamento privativo pode ser providenciado por um custo extra. Quarto [&hellip;]<\/p>\n","protected":false},"author":2,"featured_media":0,"parent":0,"menu_order":0,"comment_status":"closed","ping_status":"closed","template":"elementor_header_footer","meta":{"_monsterinsights_skip_tracking":false,"_monsterinsights_sitenote_active":false,"_monsterinsights_sitenote_note":"","_monsterinsights_sitenote_category":0,"footnotes":""},"class_list":["post-14","page","type-page","status-publish","hentry"],"_links":{"self":[{"href":"https:\/\/hotelpalugi.com.br\/index.php?rest_route=\/wp\/v2\/pages\/14"}],"collection":[{"href":"https:\/\/hotelpalugi.com.br\/index.php?rest_route=\/wp\/v2\/pages"}],"about":[{"href":"https:\/\/hotelpalugi.com.br\/index.php?rest_route=\/wp\/v2\/types\/page"}],"author":[{"embeddable":true,"href":"https:\/\/hotelpalugi.com.br\/index.php?rest_route=\/wp\/v2\/users\/2"}],"replies":[{"embeddable":true,"href":"https:\/\/hotelpalugi.com.br\/index.php?rest_route=%2Fwp%2Fv2%2Fcomments&post=14"}],"version-history":[{"count":0,"href":"https:\/\/hotelpalugi.com.br\/index.php?rest_route=\/wp\/v2\/pages\/14\/revisions"}],"wp:attachment":[{"href":"https:\/\/hotelpalugi.com.br\/index.php?rest_route=%2Fwp%2Fv2%2Fmedia&parent=14"}],"curies":[{"name":"wp","href":"https:\/\/api.w.org\/{rel}","templated":true}]}}